{"id":348,"date":"2014-10-28T14:19:36","date_gmt":"2014-10-28T14:19:36","guid":{"rendered":"http:\/\/www.looptec.eu\/raiffeisen-magazin\/privacy-2\/"},"modified":"2022-07-20T09:58:40","modified_gmt":"2022-07-20T07:58:40","slug":"privacy","status":"publish","type":"page","link":"https:\/\/magazin.raiffeisen.it\/it\/privacy\/","title":{"rendered":"Privacy"},"content":{"rendered":"<p>[vc_row][vc_column][vc_column_text]<\/p>\n<div class=\"ce-header\">\n<p><strong>INFORMATIVA AI SENSI DELL\u2019ART. 13 DEL REGOLAMENTO GENERALE SULLA PROTEZIONE DEI DATI N. 679\/2016<\/strong><\/p>\n<p><em>\u00a0<\/em><\/p>\n<p><em>Poich\u00e9 prendiamo molto seriamente la tutela dei tuoi dati personali, nella nostra attivit\u00e0 adottiamo tutte le misure necessarie in tal senso, in conformit\u00e0 con il Regolamento generale europeo sulla protezione dei dati e la legislazione nazionale.<\/em><\/p>\n<p><em>Come previsto dalla normativa in materia, di seguito ti informiamo sul trattamento dei dati personali, che avviene in fase di utilizzo del sito internet.<\/em><\/p>\n<p>&nbsp;<\/p>\n<h2><strong>1. Informazioni generali <\/strong><\/h2>\n<p>La presente informativa si riferisce esclusivamente al presente sito internet. Qualora venissi reindirizzato tramite link ad altre pagine, ti preghiamo di informarti direttamente su tale sito in merito al rispettivo trattamento dei dati. Le seguenti indicazioni ti informano sulle modalit\u00e0, l\u2019ambito e lo scopo della raccolta, nonch\u00e9 sull\u2019elaborazione e l\u2019uso dei tuoi dati personali durante l\u2019utilizzo del presente sito.<\/p>\n<p>\u00c8 possibile che, nella misura in cui ci\u00f2 sia tecnicamente necessario per l\u2019utilizzo del presente sito, vengano raccolte informazioni relative al comportamento dell\u2019utente (cookie), nonch\u00e9 ulteriori dati (ad es. indirizzo IP). La banca raccoglie e memorizza automaticamente sui suoi server alcune informazioni trasmesse dal browser, ove queste vengano fornite. Per tali dati non \u00e8 previsto il ricongiungimento con altre fonti. A tale proposito, ti rimandiamo alla relativa sezione, riportata qui di seguito.<\/p>\n<p>&nbsp;<\/p>\n<p><strong>Moduli di contatto e tool <\/strong><\/p>\n<p>Durante la fruizione di determinati servizi (ad es. modulo di contatto o tool), sulle nostre pagine vengono raccolti anche altri dati personali (ad es. nome, indirizzo postale o e-mail). Ci\u00f2 avviene sempre su base volontaria, laddove le informazioni vengono fornite dall\u2019utente stesso. I dati non vengono trasmessi a terzi senza il tuo esplicito consenso e sono utilizzati solo per la prestazione del servizio richiesto. Le informazioni riportate nel modulo di richiesta, ivi inclusi i dati di contatto forniti per dare corso al servizio e per domande successive, saranno da noi memorizzati.<\/p>\n<\/div>\n<p>[\/vc_column_text][vc_column_text]<\/p>\n<div class=\"ce-header\">\n<p><strong>File di log del server<\/strong><\/p>\n<p>Il provider delle pagine raccoglie e memorizza automaticamente le seguenti informazioni in cosiddetti file di log del server, che il tuo browser ci trasmette automaticamente:<\/p>\n<ul class=\"privacy-list\">\n<li>tipo e versione del browser<\/li>\n<li>sistema operativo utilizzato<\/li>\n<li>URL di riferimento<\/li>\n<li>nome host del computer di accesso<\/li>\n<li>orario della richiesta al server<\/li>\n<li>indirizzo IP<\/li>\n<\/ul>\n<p>Questi dati non vengono ricongiunti con altre fonti. Per legge siamo tenuti a conservare tali dati per il tempo prescritto a fronte di eventuali azioni penali, riservandoci il diritto di \u00a0verificarli successivamente, qualora dovessimo venire a conoscenza di indizi concreti di un uso illecito.<\/p>\n<p><strong>Misure di sicurezza e crittografia SSL<\/strong><\/p>\n<p>I dati personali vengono trattati elettronicamente per le finalit\u00e0 di cui sopra nel rispetto dei diritti, delle libert\u00e0 fondamentali e della dignit\u00e0 dell\u2019interessato e, in ogni caso, in conformit\u00e0 con tutte le misure di sicurezza tecnico-organizzative. L\u2019utilizzo dei dati \u00e8 soggetto ai principi di correttezza, liceit\u00e0 e trasparenza. Per ragioni di sicurezza e al fine di \u00a0proteggere la trasmissione di contenuti riservati, il presente sito utilizza la crittografia SSL. Se tale crittografia \u00e8 attivata, i dati trasmessi non possono essere letti da terzi.<\/p>\n<p>&nbsp;<\/p>\n<p><strong>Periodo di conservazione<\/strong><\/p>\n<p>I tuoi dati personali saranno conservati solo per il tempo necessario alla prestazione dei servizi richiesti ovvero per il periodo previsto dalla legge (ad es. in base a disposizioni fiscali, civili e di vigilanza). In relazione al periodo di conservazione, si precisa che il termine di prescrizione ordinario, ai sensi dell\u2019art. 2946 del Codice civile, \u00e8 di dieci anni.<\/p>\n<p>&nbsp;<\/p>\n<\/div>\n<p><strong>Nota sul trasferimento dei dati negli Stati Uniti <\/strong><\/p>\n<p>Sul nostro sito web sono integrati, tra l&#8217;altro, applicazioni e strumenti digitali di aziende con sede negli Stati Uniti (si vedano anche le seguenti informazioni). Se questi strumenti sono attivati, i Suoi dati personali possono essere trasferiti ai server delle rispettive aziende negli Stati Uniti. Si avvisa esplicitamente che gli Stati Uniti non sono un Paese terzo sicuro ai sensi delle Regolamento europeo sulla protezione dei dati, in quanto le aziende statunitensi sono obbligate a consegnare i dati personali alle autorit\u00e0 di sicurezza nazionali. Non si pu\u00f2 quindi escludere che le autorit\u00e0 americane elaborino, valutino e conservino in modo permanente i Suoi dati. Non abbiamo alcuna influenza su queste attivit\u00e0 di elaborazione. Per impedire questo trattamento, \u00e8 possibile negare il consenso all&#8217;uso dei cookie, come descritto pi\u00f9 dettagliatamente di seguito.<\/p>\n<p>&nbsp;<\/p>\n<div class=\"ce-header\">\n<p><strong>Diritti dell\u2019interessato<\/strong><\/p>\n<p>Le disposizioni in materia di protezione dei dati personali riconoscono all\u2019interessato determinati diritti riguardanti il trattamento dei suoi dati. In particolare, egli pu\u00f2 in qualsiasi momento chiedere alla banca informazioni sull\u2019esistenza di dati che lo riguardano, sulla loro origine e le modalit\u00e0 di trattamento. L\u2019interessato ha inoltre il diritto di ottenere l\u2019aggiornamento, l\u2019integrazione e la rettifica di dati inesatti o incompleti, di chiedere la cancellazione e la limitazione di quelli trattati in violazione di legge, oltre che di opporsi al loro trattamento. Su sua richiesta, tali dati devono essere messi a sua disposizione in modo intelligibile o trasferiti a terzi.<\/p>\n<p>Si fa presente che l\u2019interessato ha in ogni momento il diritto di modificare o revocare il suo consenso al trattamento dei dati.<\/p>\n<p>Per esercitare tali diritti, l\u2019interessato pu\u00f2 rivolgersi direttamente alla banca in veste di titolare del trattamento. Eventuali richieste in tal senso devono essere indirizzate per iscritto alla banca o al responsabile della protezione dei dati (chiamato anche \u201cDPO\u201d), come descritto pi\u00f9 dettagliatamente in seguito.<\/p>\n<p>I reclami possono essere indirizzati direttamente al \u201cGarante della Protezione dei Dati Personali\u201d, a Roma.<\/p>\n<p>&nbsp;<\/p>\n<\/div>\n<p><strong>Titolare del trattamento e responsabile della protezione dei dati (&#8220;DPO&#8221;)<\/strong><\/p>\n<p>Titolare del trattamento \u00e8 la Federazione Cooperative Raiffeisen Soc.coop., con sede in 39100 Bolzano, Via Raiffeisen 2, tel. 0471 945111, e-mail: federazione@raiffeisen.it.<\/p>\n<p>La Federazione Cooperative Raiffeisen Soc.coop. prevede la figura del responsabile della protezione dei dati, il cosiddetto \u201cDPO &#8211; Data Protection Officer\u201d. Questo funge anche da interlocutore con gli Interessati per le questioni riguardanti il trattamento dei dati personali nell\u2019ambito della nostra Societ\u00e0 cooperativa.<\/p>\n<div class=\"ce-header\">\n<p>&nbsp;<\/p>\n<h2>2. Contenuti esterni<\/h2>\n<p><strong>YouTube<\/strong><\/p>\n<p>Per facilitare la riproduzione di filmati, sul nostro sito internet sono integrati video YouTube. \u00c8 possibile opporsi all\u2019uso di tali servizi <u>cliccando qui<\/u>.<div data-borlabs-cookie-btn-switch-consent class=\"brlbs-cmpnt-container\"\n        data-borlabs-cookie-title=\"YouTube\"\n        data-borlabs-cookie-service-id=\"youtube\"><\/div>\n<p>Il nostro sito web utilizza i plugin del sito YouTube gestito da Google. Il gestore delle pagine \u00e8 YouTube, LLC, 901 Cherry Ave, San Bruno, CA 94066, USA. Ad ogni visita di una delle nostre pagine dotate di un plugin YouTube, viene stabilita una connessione con i server di tale azienda, che invia informazioni sulle pagine visitate.<\/p>\n<p>I video di YouTube sono integrati in modo tale che, quando si visita una pagina della piattaforma in cui \u00e8 presente tale video, inizialmente venga visualizzata solo una schermata di blocco. Cos\u00ec, quando si richiama il nostro sito internet, inizialmente non vengono trasmessi dati a YouTube. Solo se riproduci un video o hai dato preventivamente il tuo consenso nel <u>banner opt-in cookie<\/u> per \u201cMappa e servizi esterni\u201d, si stabilisce una connessione ai server di YouTube.<\/p>\n<p>Se hai effettuato l\u2019accesso al tuo account YouTube, consenti a quest\u2019ultimo di attribuire le tue abitudini di navigazione direttamente al tuo profilo personale. Puoi evitarlo effettuando il logout dal tuo account YouTube.<\/p>\n<p>Per maggiori informazioni sul trattamento dei dati degli utenti, leggi l\u2019informativa sulla privacy di YouTube all\u2019indirizzo <a href=\"https:\/\/www.google.de\/intl\/de\/policies\/privacy\">https:<u>\/\/www.google.de\/intl\/de\/policies\/privacy<\/u><\/a>.<\/p>\n<p>&nbsp;<\/p>\n<p><strong>Vimeo<\/strong><br \/>\n<div data-borlabs-cookie-btn-switch-consent class=\"brlbs-cmpnt-container\"\n        data-borlabs-cookie-title=\"Vimeo\"\n        data-borlabs-cookie-service-id=\"vimeo\"><\/div><br \/>\nNel nostro sito internet sono presenti video del servizio Vimeo, gestito da Vimeo, Inc., 555 West 18th Street, New York, New York 10011, USA (in breve \u201cVimeo\u201d). Tali contenuti sono integrati in modo tale che, quando si visita una pagina della piattaforma in cui \u00e8 presente tale video, inizialmente venga visualizzata solo una schermata di blocco. Cos\u00ec, quando richiami il nostro sito internet, inizialmente non vengono trasmessi dati a Vimeo. Solo se riproduci un video o hai dato preventivamente il tuo consenso nel <u>banner opt-in cookie<\/u> per \u201cMappa e servizi esterni\u201d, si stabilisce una connessione ai server di Vimeo, che verr\u00e0 informato sul fatto che hai visitato la nostra piattaforma e su quali video hai visualizzato. Se durante questo periodo sei collegato al tuo account Vimeo, quest\u2019ultimo potr\u00e0 attribuire le tue abitudini di navigazione direttamente al tuo profilo personale. Puoi evitarlo, effettuando il logout dal tuo account Vimeo prima di riprodurre il video. Puoi trovare maggiori informazioni qui: <a href=\"https:\/\/vimeo.com\/privacy\/california-privacy.%20\">https:\/\/vimeo.com\/privacy\/california-privacy. <\/a><\/p>\n<p>&nbsp;<\/p>\n<h2><strong>3. Cookie<\/strong><\/h2>\n<p>Il presente sito internet utilizza i cosiddetti \u201ccookie\u201d. Si tratta di piccoli file di informazioni, memorizzati temporaneamente o permanentemente tramite browser dal server di un sito web sul tuo computer o su un altro dispositivo, che semplificano, integrano o personalizzano l\u2019uso del sito. Hai la facolt\u00e0 di disabilitare la memorizzazione dei cookie nel tuo browser o di cancellare quelli memorizzati, tenendo presente che ci\u00f2 pu\u00f2 comportare una funzionalit\u00e0 limitata, ritardi o inutilizzabilit\u00e0 di alcune parti del sito. Per maggiori informazioni sui cookie e su come eliminarli, a seconda del tipo di browser utilizzato, fai riferimento ai seguenti siti internet. <u>Chrome: <\/u><a href=\"https:\/\/support.google.com\/accounts\/answer\/32050\">https:\/\/support.google.com\/accounts\/answer\/32050 <\/a><\/p>\n<p>Microsoft Edge: <a href=\"https:\/\/support.microsoft.com\/de-de\/windows\/l%C3%B6schen-und-verwalten-von-cookies-168dab11-0753-043d-7c16-ede5947fc64d\">https:\/\/support.microsoft.com\/de-de\/windows\/l%C3%B6schen-und-verwalten-von-cookies-168dab11-0753-043d-7c16-ede5947fc64d<\/a><\/p>\n<p>Firefox: https:\/\/support.mozilla.org\/de\/kb\/cookies-und-website-daten-in-firefox-loschen<\/p>\n<p>Su presente sito internet utilizziamo i seguenti tipi di cookie.<\/p>\n<p>&nbsp;<\/p>\n<p><strong>3.1. Cookie tecnici e funzionali<\/strong><\/p>\n<p>I cookie tecnici e funzionali consentono agli utenti di visualizzare il sito internet, utilizzare le funzioni del sito e accedere ad aree protette o registrate. Se questi cookie fossero disabilitati, alcune parti del sito non potrebbero pi\u00f9 essere utilizzate per lo scopo previsto. I cookie funzionali, che consentono di memorizzare le scelte e le preferenze dei visitatori, migliorano l\u2019esperienza dell\u2019utente. I cookie tecnici e funzionali sono utilizzati su <a href=\"http:\/\/www.magazin.raiffeisen.it\">http:\/\/www.magazin.raiffeisen.it<\/a><\/p>\n<ul class=\"privacy-list\">\n<li>memorizzazione della lingua selezionata<\/li>\n<li>integrazione di cookie di navigazione, che garantiscono la normale navigazione e l\u2019utilizzo del sito<\/li>\n<\/ul>\n<p><strong>3.2. Cookie statistici e di marketing<\/strong><\/p>\n<p>I cookie statistici e di marketing memorizzano informazioni relative ai siti visitati dagli utenti. Tali dati vengono utilizzati per l\u2019inserimento di annunci pubblicitari personalizzati in base agli interessi del visitatore. Questi tipi di cookie sono soggetti al consenso. Se l\u2019utente non desidera pi\u00f9 ricevere pubblicit\u00e0 personalizzata, pu\u00f2 opporsi in qualsiasi momento all\u2019uso dei cookie statistici e di marketing, modificando le impostazioni dei cookie <u>qui<\/u>.<\/p>\n<p>&nbsp;<\/p>\n<h2><strong>4. Analisi per scopi di marketing e pubblicit\u00e0<\/strong><\/h2>\n<p><strong>Analisi web con Google Analytics 4 Tag<\/strong><\/p>\n<p>Il presente sito si avvale delle funzioni del servizio di analisi web Google Analytics, fornito da Google Inc, 1600 Amphitheatre Parkway Mountain View, CA 94043, USA. Google Analytics utilizza cookie selettivi. \u00c8 possibile ottenere maggiori informazioni sulla gestione dei dati degli utenti da parte di Google Analytics sono presenti nell\u2019<a href=\"https:\/\/support.google.com\/analytics\/answer\/6004245?hl=de\">Informativa sulla protezione dei dati di Google<\/a>. Durante questo processo vengono raccolti dati in merito ai seguenti aspetti, riguardanti le abitudini degli utenti:<\/p>\n<ul class=\"privacy-list\">\n<li>durata e frequenza di accesso alle sottopagine<\/li>\n<li>engagement rate e tempo medio di interazione per sessione<\/li>\n<li>cronologia delle pagine visitate<\/li>\n<li>termini di ricerca impiegati, che hanno portato alla visita della rispettiva pagina<\/li>\n<li>movimenti quali clic e scorrimento del mouse<\/li>\n<li>Paese, regione ed eventualmente citt\u00e0 da cui \u00e8 stato effettuato l\u2019accesso<\/li>\n<\/ul>\n<p>\u00c8 possibile impedire il funzionamento di Google Analytics 4 rifiutando il consenso ai cookie statistici e di marketing nel <span class=\"borlabs-cookie-open-dialog-preferences \" data-borlabs-cookie-title=\"banner opt-in cookie\" data-borlabs-cookie-type=\"link\" ><\/span>.<\/p>\n<\/div>\n<p>&nbsp;<\/p>\n<p><strong><span class=\"service__headline\">Marketing e statistiche<\/span><\/strong><\/p>\n<p>Ti mostra annunci personalizzati\u00a0di tuo interesse.<\/p>\n<div class=\"table-responsive\">\n<table class=\"table table-bordered table-hover\">\n<thead>\n<tr class=\"table-primary\">\n<th scope=\"col\">Nome<\/th>\n<th style=\"padding-left: 80px;\" scope=\"col\">Descrizione<\/th>\n<th style=\"padding-left: 80px;\" scope=\"col\">Validit\u00e0<\/th>\n<\/tr>\n<\/thead>\n<tbody>\n<tr>\n<td>_gid<\/td>\n<td style=\"padding-left: 80px;\">Google Tag Manager<\/td>\n<td style=\"padding-left: 80px;\">1 giorno<\/td>\n<\/tr>\n<tr>\n<td>_ga<\/td>\n<td style=\"padding-left: 80px;\">Google Analytics<\/td>\n<td style=\"padding-left: 80px;\">730 giorni<\/td>\n<\/tr>\n<tr>\n<td>_ga_G-5237DS4648<\/td>\n<td style=\"padding-left: 80px;\">Google Analytics<\/td>\n<td style=\"padding-left: 80px;\">730 giorni<\/td>\n<\/tr>\n<tr>\n<td>_gat_GTM-NKBXJJ7<\/td>\n<td style=\"padding-left: 80px;\">Google Tag Manager<\/td>\n<td style=\"padding-left: 80px;\">Session-Cookie<\/td>\n<\/tr>\n<\/tbody>\n<\/table>\n<\/div>\n<p>[\/vc_column_text][\/vc_column][\/vc_row][vc_row][vc_column][\/vc_column][\/vc_row]<\/p>\n","protected":false},"excerpt":{"rendered":"<p>[vc_row][vc_column][vc_column_text] INFORMATIVA AI SENSI DELL\u2019ART. 13 DEL REGOLAMENTO GENERALE SULLA PROTEZIONE DEI DATI N. 679\/2016 \u00a0 Poich\u00e9 prendiamo molto seriamente la tutela dei tuoi dati personali, nella nostra attivit\u00e0 adottiamo tutte le misure necessarie in tal senso, in conformit\u00e0 con il Regolamento generale europeo sulla protezione dei dati e la legislazione nazionale. Come previsto dalla [&hellip;]<\/p>\n","protected":false},"author":1,"featured_media":0,"parent":0,"menu_order":0,"comment_status":"open","ping_status":"open","template":"","meta":{"footnotes":""},"class_list":["post-348","page","type-page","status-publish","hentry"],"_links":{"self":[{"href":"https:\/\/magazin.raiffeisen.it\/it\/wp-json\/wp\/v2\/pages\/348","targetHints":{"allow":["GET"]}}],"collection":[{"href":"https:\/\/magazin.raiffeisen.it\/it\/wp-json\/wp\/v2\/pages"}],"about":[{"href":"https:\/\/magazin.raiffeisen.it\/it\/wp-json\/wp\/v2\/types\/page"}],"author":[{"embeddable":true,"href":"https:\/\/magazin.raiffeisen.it\/it\/wp-json\/wp\/v2\/users\/1"}],"replies":[{"embeddable":true,"href":"https:\/\/magazin.raiffeisen.it\/it\/wp-json\/wp\/v2\/comments?post=348"}],"version-history":[{"count":21,"href":"https:\/\/magazin.raiffeisen.it\/it\/wp-json\/wp\/v2\/pages\/348\/revisions"}],"predecessor-version":[{"id":10675,"href":"https:\/\/magazin.raiffeisen.it\/it\/wp-json\/wp\/v2\/pages\/348\/revisions\/10675"}],"wp:attachment":[{"href":"https:\/\/magazin.raiffeisen.it\/it\/wp-json\/wp\/v2\/media?parent=348"}],"curies":[{"name":"wp","href":"https:\/\/api.w.org\/{rel}","templated":true}]}}